{"id":119,"date":"2020-08-26T20:50:01","date_gmt":"2020-08-26T18:50:01","guid":{"rendered":"https:\/\/stadtlandvolk.net\/?page_id=119"},"modified":"2020-09-19T14:24:53","modified_gmt":"2020-09-19T12:24:53","slug":"2017-3","status":"publish","type":"page","link":"https:\/\/stadtlandvolk.net\/?page_id=119","title":{"rendered":"2017"},"content":{"rendered":"\n<p>Die hessische Landesliste der Alternative f\u00fcr Deutschland (AfD) zur Bundestagswahl 2017 und ihre Verbindungen zur extremen Rechten \u2013 ein \u00dcberblick<\/p>\n\n\n\n<figure class=\"wp-block-image size-large\"><img loading=\"lazy\" decoding=\"async\" width=\"581\" height=\"826\" src=\"https:\/\/stadtlandvolk.net\/wp-content\/uploads\/2020\/08\/btw2017titelseite.jpg\" alt=\"\" class=\"wp-image-40\" srcset=\"https:\/\/stadtlandvolk.net\/wp-content\/uploads\/2020\/08\/btw2017titelseite.jpg 581w, https:\/\/stadtlandvolk.net\/wp-content\/uploads\/2020\/08\/btw2017titelseite-211x300.jpg 211w\" sizes=\"auto, (max-width: 581px) 100vw, 581px\" \/><\/figure>\n\n\n\n<h2 class=\"wp-block-heading\">Die hessische Landesliste der Alternative f\u00fcr Deutschland (AfD) zur Bundestagswahl 2017 und ihre Verbindungen zur extremen Rechten \u2013 ein \u00dcberblick (StadtLandVolk)<\/h2>\n\n\n\n<p>Mehrere Bundestagskandidaten der AfD haben nachweisliche Sympathien sowie Kontakte zur v\u00f6lkisch-faschistisch bis neonazistischen Szene.<\/p>\n\n\n\n<figure class=\"wp-block-image\"><img decoding=\"async\" src=\"https:\/\/stadtlandvolk.noblogs.org\/files\/2017\/07\/nolte.jpg\" alt=\"\" class=\"wp-image-296\"\/><\/figure>\n\n\n\n<p><strong>Jan Nolte (Listenplatz 4)<\/strong><\/p>\n\n\n\n<p>Nolte ist Soldat bei der Bundeswehr in Frankenberg\/Eder. F\u00fcr die lokale AfD Waldeck-Frankenberg sitzt er&nbsp; als Fraktionsvorsitzender&nbsp; im Kreistag. Er ist auch in der Jungen Alternative (JA) Hessen als Vorsitzender aktiv und als Beisitzer im Bundesvorstand der JA.<br>Jan Nolte hat unter anderem eine Vorliebe f\u00fcr einschl\u00e4gige rechte Szenemarken wie Pro Violence, die ein Magdeburger Nazihooligan vertreibt, und Walhall Athletik. Letztere wurde vom bayrischen Neonazi Daniel Weigel ger\u00fcndet, welcher im inzwischen verbotenen Freien Netz S\u00fcd organisiert war. Nach dem Antifaschist_innen darauf aufmerksam machten, l\u00f6schte Jan Nolte die Likes. Desweiteren gefallen ihm diverse heidnisch-germanische Facebookseiten wie \u201eTrue Viking Fans\u201c oder er postete auch gerne mal Odin-Bilder. Jan Nolte f\u00fchlt sich also offensichtlich sehr zu einer nordischen Kriegermythologie hingezogen, wie sie auch in der Nazisszene glorifiziert und zur Propaganda genutzt wird.<br>Am&nbsp; 29. Mai 2017 fand der Landeskongress der JA Hessen auf dem Haus der&nbsp; extrem rechten Marburger Burschenschaft Germania (Deutsche Burschenschaft) statt. Ihre Mitglieder rekrutieren sich vor allem aus der neonazistischen Freien Kamaradschaftsszene, sowie der Identit\u00e4ren Bewegung (IB). Regelm\u00e4\u00dfig sind Mitglieder der B!Germania an Schl\u00fcsselpositionen der v\u00f6lkischen Bewegung Deutschlands wiederzufinden. Bj\u00f6rn H\u00f6ckes Pressesprecher Torben Braga ist Mitglied der Burschenschaft Germania Marburg, genauso wie Philipp Stein, ein Jungverleger faschistischer Literatur.&nbsp; Daneben fungiert Stein als F\u00fchrungsfigur der EinProzent Bewegung. Diese rechtsradikale Vernetzungs- und Finanzierungsplattform ist ein Gemeinschaftsprojekt mit G\u00f6tz Kubitscheck, einem extrem rechten Verleger und F\u00fchrungperson des Institut f\u00fcr Staatspolitik, eines \u201eneurechten\u201c Thinktanks. Er treibt gemeinsam mit Philipp Stein massiv den Aufbau der extrem rechten Identit\u00e4ren Bewegung in Deutschland voran.<br>Beide waren wie Jan Nolte am Landeskongress der JA Hessen in Marburg Ende Mai anwesend. Mit Handschlag begr\u00fc\u00dft wurde&nbsp; Nolte von Lars Roth, einer hessischen Gr\u00f6\u00dfe der Neonaziszene, welcher in letzter Zeit durch Mitorganisation von Nazikonzerten wie dem Eichsfelder Heimattag aufgefallen ist. Keine Minute danach griffen Lars Roth (mit einem Kn\u00fcppel bewaffnet), Philipp Stein (aus dem Auto der AfD Th\u00fcringen, gefahren von Torben Braga) und zwei unbekannte Personen einen Fotografen an. Einige Minuten sp\u00e4ter kam es zu einem zweiten Angriff mit Pfefferspray und Schl\u00e4gen aus einer mindestens zehnk\u00f6pfigen vermummten Gruppe. Durch Fotos wurden Philipp Stein, ehemaliger Sprecher der Burschenschaft Germania Marburg, und Maximilian Kolb, Sprecher der Marburger Burschenschaft Germania und Beisitzer im Landesvorstand der JA Hessen, identifiziert. Mehr dazu auf dem Blog der Kampagne \u201eStadt Land Volk\u201c unter dem Titel \u201eJA Landeskongress\u201c.<\/p>\n\n\n\n<figure class=\"wp-block-image\"><img decoding=\"async\" src=\"https:\/\/stadtlandvolk.noblogs.org\/files\/2017\/07\/lich.jpg\" alt=\"\" class=\"wp-image-302\"\/><\/figure>\n\n\n\n<p><strong>Andreas Lichert (Listenplatz 7)<\/strong><\/p>\n\n\n\n<p>Lichtert ist im Vorstand des&nbsp; AfD-Kreisverbandes Wetterau und im Landesvorstand der hessischen AfD. Auch Andreas Lichert ist im Institut f\u00fcr Staatspolitik des \u201eneurechten\u201c Publizisten G\u00f6tz Kubischek. Beide stehen der extrem rechten Identit\u00e4ren Bewegung nahe. Wie auch Nolte war er am 29. Mai 2017 auf dem Landeskongress der JA Hessen auf dem Haus der Germania Marburg, als AfDler und Burschen Fotograf_innen angriffen. Keine zwei Wochen nach dieser Veranstaltung fiel eine Marburger Ortsgruppe der IB durch eine Propaganda Aktion auf \u2013 die Vorbereitungen daf\u00fcr fanden ebenfalls auf dem Haus der Marburger Burschenschaft Germania statt, wie IB Fotos zeigen. Auch in seiner Geschichtswerkstadt in Karben organisierte Andreas Lichert bereits 2013 Veranstaltungen mit der IB.<br>Ende Juni 2017 hielt er au\u00dferdem einen Vortrag auf dem Haus der Germania.<\/p>\n\n\n\n<figure class=\"wp-block-image\"><img decoding=\"async\" src=\"https:\/\/stadtlandvolk.noblogs.org\/files\/2017\/07\/schmidt.jpg\" alt=\"\" class=\"wp-image-303\"\/><\/figure>\n\n\n\n<p><strong>Julian Schmidt (Listenplatz 9)<\/strong><\/p>\n\n\n\n<p>Schmidt ist Kandidat der AfD Marburg Biedenkopf aus Angelburg Lixfelde hat Anfang des Jahres 2017 mit Simon B\u00fcssing und Nils Grunemann den JA-Kreisverband Marburg Biedenkopf gegr\u00fcndet. Nils und Simon kommen aus der Marburger Burschenschaftsszene, ersterer war 2013 bereits Sprecher der IB Deutschland und ist dann bei der Burschenschaft Germania in Marburg gelandet, zweiterer war Mitte 2015 noch Sprecher der Marburger Burschenschaft Armina (Neue Deutsche Burschenschaft). Nach einer Ver\u00f6ffentlichung unsererseits \u00fcber die JA Marburg Biedenkopf behauptete die Burschenschaft Armina, sie habe Simon B\u00fcssing auf Grund seiner rechtsradikalen Positionen ausgeschlossen.<br>Der ehemalige Zeitsoldat Julian Schmidt f\u00e4llt auch durch seine geschichtsrevisionistischen Positionen auf. So schrieb er einem Offenen Brief an die Verteidigungsministerin bez\u00fcglich der Bundeswehr und ihrer Wehrmachtstradition im Kontext des Auffliegens der rechtsradikalen Terrorgruppe um Franko Albrecht und andere Bundeswehrsoldaten. Diese waren, ganz \u00e4hnlich wie Schmidt, ebenfalls eng mit der IB und einer Burschenschaft der DB, n\u00e4mlich der Danubia M\u00fcnchen&nbsp; vernetzt. In seinem Brief versuchte er den Nationalsozialismus und seine Verbrechen als die Taten einer kriminellen F\u00fchrungsriege darzustellen, in scharfer Abgrenzung zur Wehrmacht. \u201eDer ganz gro\u00dfe Teil der Wehrmachtssoldaten war nicht T\u00e4ter, sondern Opfer\u201c (Julian Schmidt). Er leugnet damit die kollektive Zustimmung der Deutschen zum Nationalsozialismus und versucht die deutschen T\u00e4ter_innen zu Opfern umzudeuten. Trotz zahlloser Kriegsverbrechen, sowie des Vernichtungsfeldzug im Osten in dessen Schutz der gr\u00f6\u00dfte Teil der deutschen T\u00f6tungsmaschinierie arbeitete, steht er stolz zu dieser Mordbande.<\/p>\n\n\n\n<figure class=\"wp-block-image\"><img decoding=\"async\" src=\"https:\/\/stadtlandvolk.noblogs.org\/files\/2017\/07\/hohmann-1.jpg\" alt=\"\" class=\"wp-image-301\"\/><\/figure>\n\n\n\n<p><strong>&nbsp;Martin Hohmann (Listenplatz 6)<\/strong><\/p>\n\n\n\n<p>Martin Hohmann aus Fulda war CDU-Bundestagsabgeordneter, bis er im Juli 2004 aufgrund einer antisemitischen Rede anl\u00e4sslich des Tags der Deutschen Einheit 2003 aus der Partei ausgeschlossen wurde. In dieser hatte er den Verbrechen der Nazis angebliche j\u00fcdische Verbrechen gegen\u00fcbergestellt. Er r\u00fcckt so die Deutschen in eine Opferrolle, indem er J\u00fcdinnen und Juden eine T\u00e4terschaft unterstellt. \u201eGibt es auch beim j\u00fcdischen Volk, das wir ausschlie\u00dflich in der Opferrolle wahrnehmen, eine dunkle Seite in der neueren Geschichte oder waren Juden ausschlie\u00dflich die Opfer, die Leidtragenden?\u201c (Martin Hohmann). Dies relativiert den industriellen Massenmord der Deutschen an J\u00fcdinnen und Juden und zeichnet ein falsches Bild der Geschichte, welches den J\u00fcdinnen und Juden eine Mitschuld an den Verbrechen der Nazis unterstellt. \u00c4hnlich wie Julian Schmidt versucht auch Martin Hohmann, die Deutsche Geschichte umzudeuten, allerdings stellte Julian Schmidt nicht so offen eine j\u00fcdische T\u00e4terschaft in den Raum wie Martin Hohmann. Im Fr\u00fchjahr 2016 trat Martin Hohmann in die AfD ein und kandidiert wieder f\u00fcr den Bundestag.<\/p>\n\n\n\n<p><strong>AfD, JA, IB und Nazis Hand in Hand f\u00fcr eine nationale Revolution<\/strong><\/p>\n\n\n\n<p>Der v\u00f6lkische Fl\u00fcgel der AfD um Bj\u00f6rn H\u00f6cke hat seit der Gr\u00fcndung der Partei immer mehr an Einfluss gewonnen und hat sich immer wieder in innerparteilichen Konflikten durchgesetzt.&nbsp; Vertreter dieses Fl\u00fcgels, wie Jan Nolte, haben keine Ber\u00fchrungs\u00e4ngste mit Nazis. Auch die Distanzierung dieser Kreise zu Gewalt ist mehr als fragw\u00fcrdig. Dies sollte sp\u00e4testens mit dem Angriff am 29. Mai 2017 am Rande des JA Hessen Landeskongress in Marburg, wo JA-Vertreter und Burschen mit Pfefferspray und Schlagst\u00f6cken Jagd auf Fotograf_innen machten, offensichtlich geworden sein. Personen wie Andreas Lichert oder Julian Schmidt haben nicht nur keine Ber\u00fchrungs\u00e4ngste mit der extrem Rechten IB, sondern treiben eine Zusammenarbeit mit dieser voran. Antisemitische Ausf\u00e4lle wie der von Martin Hohmann passen da gut ins Bild und zeigen auf, dass an der \u201eneuen Rechten\u201c gar nicht so viel Neues dran ist. Die zentralen Inhalte haben sich nicht ver\u00e4ndert. Deshalb sollte klar sein: Jede Stimme f\u00fcr die AfD oder einen ihrer Kandidaten ist eine Stimme gegen die individuelle Freiheit und f\u00fcr eine faschistische Bewegung, die sich in und um die AfD konstituiert hat.<\/p>\n\n\n\n<p><strong>Gegen den Rechtsruck!<\/strong><br><strong>Keine Stimme f\u00fcr die AfD!<\/strong><\/p>\n\n\n\n<div class=\"wp-block-file\"><a href=\"https:\/\/stadtlandvolk.net\/wp-content\/uploads\/2020\/08\/SLV-Brochuere-Bundestagswahl2017.pdf\">SLV-Broch\u00fcre-Bundestagswahl 2017<\/a><a href=\"https:\/\/stadtlandvolk.net\/wp-content\/uploads\/2020\/08\/SLV-Brochuere-Bundestagswahl2017.pdf\" class=\"wp-block-file__button\" download>Herunterladen<\/a><\/div>\n","protected":false},"excerpt":{"rendered":"<p>Die hessische Landesliste der Alternative f\u00fcr Deutschland (AfD) zur Bundestagswahl 2017 und ihre Verbindungen zur extremen Rechten \u2013 ein \u00dcberblick Die hessische Landesliste der Alternative f\u00fcr Deutschland (AfD) zur Bundestagswahl 2017 und ihre Verbindungen zur extremen Rechten \u2013 ein \u00dcberblick (StadtLandVolk) Mehrere Bundestagskandidaten der AfD haben nachweisliche Sympathien sowie Kontakte zur v\u00f6lkisch-faschistisch bis neonazistischen Szene. Jan Nolte (Listenplatz 4) Nolte ist Soldat bei der Bundeswehr in Frankenberg\/Eder. F\u00fcr die lokale AfD Waldeck-Frankenberg sitzt er&nbsp; als Fraktionsvorsitzender&nbsp; im Kreistag. Er ist auch in der Jungen Alternative (JA) Hessen als Vorsitzender aktiv und als Beisitzer im Bundesvorstand der JA.Jan Nolte hat unter anderem eine Vorliebe f\u00fcr einschl\u00e4gige rechte Szenemarken wie Pro Violence, die ein Magdeburger Nazihooligan vertreibt, und Walhall Athletik. Letztere wurde vom bayrischen Neonazi Daniel Weigel ger\u00fcndet, welcher im inzwischen verbotenen Freien Netz S\u00fcd organisiert war. Nach dem Antifaschist_innen darauf aufmerksam machten, l\u00f6schte Jan Nolte die Likes. Desweiteren gefallen ihm diverse heidnisch-germanische Facebookseiten wie \u201eTrue Viking Fans\u201c oder er postete auch gerne mal Odin-Bilder. Jan Nolte f\u00fchlt sich also offensichtlich sehr zu einer nordischen Kriegermythologie hingezogen, wie sie auch in der Nazisszene glorifiziert und zur Propaganda genutzt wird.Am&nbsp; 29. Mai 2017 fand der Landeskongress der JA Hessen auf dem Haus der&nbsp; [&#8230;]<\/p>\n","protected":false},"author":1,"featured_media":0,"parent":0,"menu_order":0,"comment_status":"closed","ping_status":"closed","template":"","meta":{"footnotes":""},"class_list":["post-119","page","type-page","status-publish","hentry"],"_links":{"self":[{"href":"https:\/\/stadtlandvolk.net\/index.php?rest_route=\/wp\/v2\/pages\/119","targetHints":{"allow":["GET"]}}],"collection":[{"href":"https:\/\/stadtlandvolk.net\/index.php?rest_route=\/wp\/v2\/pages"}],"about":[{"href":"https:\/\/stadtlandvolk.net\/index.php?rest_route=\/wp\/v2\/types\/page"}],"author":[{"embeddable":true,"href":"https:\/\/stadtlandvolk.net\/index.php?rest_route=\/wp\/v2\/users\/1"}],"replies":[{"embeddable":true,"href":"https:\/\/stadtlandvolk.net\/index.php?rest_route=%2Fwp%2Fv2%2Fcomments&post=119"}],"version-history":[{"count":3,"href":"https:\/\/stadtlandvolk.net\/index.php?rest_route=\/wp\/v2\/pages\/119\/revisions"}],"predecessor-version":[{"id":409,"href":"https:\/\/stadtlandvolk.net\/index.php?rest_route=\/wp\/v2\/pages\/119\/revisions\/409"}],"wp:attachment":[{"href":"https:\/\/stadtlandvolk.net\/index.php?rest_route=%2Fwp%2Fv2%2Fmedia&parent=119"}],"curies":[{"name":"wp","href":"https:\/\/api.w.org\/{rel}","templated":true}]}}